{"id":26106,"date":"2016-08-17T11:37:22","date_gmt":"2016-08-17T09:37:22","guid":{"rendered":"https:\/\/radissonblu-leipzig.de\/en\/?page_id=26106"},"modified":"2025-10-02T09:19:44","modified_gmt":"2025-10-02T07:19:44","slug":"reviews","status":"publish","type":"page","link":"https:\/\/radissonleipzig.eventhotels.biz\/en\/reviews\/","title":{"rendered":"Reviews"},"content":{"rendered":"<p>[et_pb_section fb_built=&#8221;1&#8243; custom_padding_last_edited=&#8221;on|phone&#8221; _builder_version=&#8221;4.26.0&#8243; _module_preset=&#8221;default&#8221; background_image=&#8221;https:\/\/radissonleipzig.eventhotels.biz\/wp-content\/uploads\/2024\/03\/bewertungen-radisson-blu-hotel-leipzig.jpg&#8221; background_position=&#8221;top_left&#8221; custom_margin=&#8221;|40px||40px|false|true&#8221; custom_margin_tablet=&#8221;|40px||40px|false|true&#8221; custom_margin_phone=&#8221;|0px||0px|false|true&#8221; custom_margin_last_edited=&#8221;on|phone&#8221; custom_padding=&#8221;300px||300px||true|false&#8221; custom_padding_tablet=&#8221;200px||200px||true|false&#8221; custom_padding_phone=&#8221;150px||150px||true|false&#8221; locked=&#8221;off&#8221; global_colors_info=&#8221;{}&#8221;][\/et_pb_section][et_pb_section fb_built=&#8221;1&#8243; _builder_version=&#8221;4.24.0&#8243; _module_preset=&#8221;default&#8221; custom_padding=&#8221;||0px||false|false&#8221; locked=&#8221;off&#8221; global_colors_info=&#8221;{}&#8221;][et_pb_row _builder_version=&#8221;4.24.0&#8243; _module_preset=&#8221;default&#8221; width=&#8221;90%&#8221; locked=&#8221;off&#8221; global_colors_info=&#8221;{}&#8221;][et_pb_column type=&#8221;4_4&#8243; _builder_version=&#8221;4.17.6&#8243; _module_preset=&#8221;default&#8221; global_colors_info=&#8221;{}&#8221;][dsm_breadcrumbs home_icon=&#8221;&#xe0e3;||divi||400&#8243; align=&#8221;center&#8221; items_padding=&#8221;|0px|0px|0px|false|false&#8221; _builder_version=&#8221;4.17.6&#8243; _module_preset=&#8221;default&#8221; items_font=&#8221;Jost|300|||||||&#8221; items_text_color=&#8221;#000000&#8243; items_font_size=&#8221;18px&#8221; items_line_height=&#8221;1.2em&#8221; home_icon_text_color=&#8221;#000000&#8243; current_font=&#8221;Jost|300|||||||&#8221; current_text_color=&#8221;#000000&#8243; current_font_size=&#8221;18px&#8221; current_line_height=&#8221;1.2em&#8221; items_font_size_tablet=&#8221;14px&#8221; items_font_size_phone=&#8221;&#8221; items_font_size_last_edited=&#8221;on|tablet&#8221; current_font_size_tablet=&#8221;14px&#8221; current_font_size_phone=&#8221;&#8221; current_font_size_last_edited=&#8221;on|tablet&#8221; global_colors_info=&#8221;{}&#8221;][\/dsm_breadcrumbs][\/et_pb_column][\/et_pb_row][et_pb_row custom_padding_last_edited=&#8221;on|phone&#8221; disabled_on=&#8221;off|off|off&#8221; _builder_version=&#8221;4.24.0&#8243; _module_preset=&#8221;default&#8221; width_last_edited=&#8221;off|desktop&#8221; custom_padding=&#8221;60px||||false|false&#8221; custom_padding_tablet=&#8221;60px||||false|false&#8221; custom_padding_phone=&#8221;0px||||false|false&#8221; locked=&#8221;off&#8221; global_colors_info=&#8221;{}&#8221;][et_pb_column type=&#8221;4_4&#8243; _builder_version=&#8221;4.21.0&#8243; _module_preset=&#8221;default&#8221; global_colors_info=&#8221;{}&#8221;][et_pb_text _builder_version=&#8221;4.27.4&#8243; _module_preset=&#8221;default&#8221; header_text_align=&#8221;center&#8221; custom_margin=&#8221;||5px||false|false&#8221; global_colors_info=&#8221;{}&#8221;]<\/p>\n<h1>Review \u2013 Radisson Blu Hotel Leipzig<\/h1>\n<p>[\/et_pb_text][et_pb_text disabled_on=&#8221;on|off|off&#8221; _builder_version=&#8221;4.27.4&#8243; _module_preset=&#8221;default&#8221; header_text_align=&#8221;center&#8221; header_2_text_align=&#8221;center&#8221; custom_margin=&#8221;||5px||false|false&#8221; custom_padding=&#8221;10px||||false|false&#8221; custom_padding_tablet=&#8221;10px||||false|false&#8221; custom_padding_phone=&#8221;5px||||false|false&#8221; custom_padding_last_edited=&#8221;on|phone&#8221; global_colors_info=&#8221;{}&#8221;]<\/p>\n<h3 style=\"text-align: center;\">Find out how Radisson Blu Hotel Leipzig is rated<\/h3>\n<p>[\/et_pb_text][\/et_pb_column][\/et_pb_row][\/et_pb_section][et_pb_section fb_built=&#8221;1&#8243; _builder_version=&#8221;4.24.0&#8243; _module_preset=&#8221;default&#8221; custom_padding=&#8221;||0px||false|false&#8221; background_last_edited=&#8221;off|phone&#8221; use_background_color_gradient_tablet=&#8221;on&#8221; use_background_color_gradient_phone=&#8221;on&#8221; background_color_gradient_stops_tablet=&#8221;#f8f8f8 100%|#ffffff 100%&#8221; background_color_gradient_stops_phone=&#8221;#f8f8f8 100%|#ffffff 100%&#8221; locked=&#8221;off&#8221; global_colors_info=&#8221;{}&#8221;][et_pb_row custom_padding_last_edited=&#8221;on|phone&#8221; disabled_on=&#8221;off|off|off&#8221; _builder_version=&#8221;4.24.0&#8243; _module_preset=&#8221;default&#8221; width_last_edited=&#8221;off|desktop&#8221; custom_padding=&#8221;0px||||false|false&#8221; custom_padding_tablet=&#8221;60px||||false|false&#8221; custom_padding_phone=&#8221;0px||||false|false&#8221; locked=&#8221;off&#8221; global_colors_info=&#8221;{}&#8221;][et_pb_column type=&#8221;4_4&#8243; _builder_version=&#8221;4.21.0&#8243; _module_preset=&#8221;default&#8221; global_colors_info=&#8221;{}&#8221;][et_pb_text content_tablet=&#8221;<\/p>\n<p>Entspannen Sie in unseren Junior Suiten im Radisson Leipzig, ausgestattet mit modernen Annehmlichkeiten f\u00fcr h\u00f6chsten Komfort. Das ger\u00e4umige Zimmer mit 40m\u00b2 bietet zudem einen separaten Arbeitsbereich, ein Sofa und eine kostenlose Minibar.<\/p>\n<p>Hier erwarten Sie ein Flatscreen-TV, ein Safe mit Steckdose und eine luxuri\u00f6se Badewanne. Kostenfreies WLAN, Home-Made Water und eine Kaffeemaschine sorgen f\u00fcr perfekte Entspannung.<\/p>\n<p>Bitte beachten Sie, dass die Doppelbetten aus zwei verbundenen Einzelbetten bestehen.<\/p>\n<p><span>Entdecken Sie die aktuellen <strong><a href=%22#bewertungen%22 title=%22G\u00e4ste bewerten das Leipziger Hotel%22>Bewertungen<\/a><\/strong> f\u00fcr das Radisson Blu Hotel Leipzig. Haben Sie Fragen zu unseren Junior Suiten? Besuchen Sie unseren <strong><a href=%22#faq%22 title=%22Antworten auf Ihre Fragen%22>FAQ-Bereich<\/a><\/strong> f\u00fcr weitere Infos.<\/span><\/p>\n<p>&#8221; content_phone=&#8221;<\/p>\n<p>Entspannen Sie in unseren Junior Suiten im Radisson Leipzig, ausgestattet mit modernen Annehmlichkeiten f\u00fcr h\u00f6chsten Komfort. Das ger\u00e4umige Zimmer mit 40m\u00b2 bietet zudem einen separaten Arbeitsbereich, ein Sofa und eine kostenlose Minibar.<\/p>\n<p><span>Entdecken Sie die aktuellen <strong><a href=%22#bewertungen%22 title=%22G\u00e4ste bewerten das Leipziger Hotel%22>Bewertungen<\/a><\/strong> f\u00fcr das Radisson Blu Hotel Leipzig. Haben Sie Fragen zu unseren Junior Suiten? Besuchen Sie unseren <strong><a href=%22#faq%22 title=%22Antworten auf Ihre Fragen%22>FAQ-Bereich<\/a><\/strong> f\u00fcr weitere Infos.<\/span><\/p>\n<p>&#8221; content_last_edited=&#8221;off|desktop&#8221; _builder_version=&#8221;4.27.4&#8243; _module_preset=&#8221;default&#8221; text_font=&#8221;|300|||||||&#8221; text_text_color=&#8221;#000000&#8243; header_font=&#8221;|200|||||||&#8221; header_text_align=&#8221;center&#8221; header_font_size=&#8221;3vw&#8221; header_line_height=&#8221;1.1em&#8221; header_2_font=&#8221;Jost||||||||&#8221; header_2_text_align=&#8221;center&#8221; header_2_font_size=&#8221;2vw&#8221; header_2_line_height=&#8221;1.1em&#8221; text_orientation=&#8221;center&#8221; width=&#8221;80%&#8221; width_tablet=&#8221;80%&#8221; width_phone=&#8221;100%&#8221; width_last_edited=&#8221;on|phone&#8221; module_alignment=&#8221;center&#8221; custom_padding=&#8221;||||false|false&#8221; custom_padding_tablet=&#8221;50px||||false|false&#8221; custom_padding_phone=&#8221;15px|0px||0px|false|true&#8221; custom_padding_last_edited=&#8221;on|phone&#8221; hover_enabled=&#8221;0&#8243; locked=&#8221;off&#8221; global_colors_info=&#8221;{}&#8221; sticky_enabled=&#8221;0&#8243;]<\/p>\n<p>The Radisson Blu Leipzig receives positive ratings on many renowned review platforms. The following overview presents a semantic analysis based on data from various platforms over the past 24 months:<\/p>\n<p>&nbsp;<\/p>\n<p>[\/et_pb_text][et_pb_code _builder_version=&#8221;4.20.2&#8243; _module_preset=&#8221;default&#8221; global_colors_info=&#8221;{}&#8221;]<!-- TrustYou Widget --><!-- [et_pb_line_break_holder] --><script src=\"https:\/\/api.trustyou.com\/static\/3rdparty\/iframe-resizer\/js\/iframeResizer.min.js\"><\/script><!-- [et_pb_line_break_holder] --><iframe style=\"border:0;width:100%;height:1350px;\" src=\"https:\/\/api.trustyou.com\/hotels\/8fbeb30f-94ad-430c-9ea0-4ac8f0ed75ab\/tops_flops.html?key=a0993ac2-96c2-4ac9-8e32-5b30b0117bc4&#038;lang=en&#038;iframe_resizer=true\"><\/iframe><!-- [et_pb_line_break_holder] --><script>iFrameResize({});<\/script><!-- [et_pb_line_break_holder] --><!-- TrustYou Widget -->[\/et_pb_code][et_pb_text content_tablet=&#8221;<\/p>\n<p>Entspannen Sie in unseren Junior Suiten im Radisson Leipzig, ausgestattet mit modernen Annehmlichkeiten f\u00fcr h\u00f6chsten Komfort. Das ger\u00e4umige Zimmer mit 40m\u00b2 bietet zudem einen separaten Arbeitsbereich, ein Sofa und eine kostenlose Minibar.<\/p>\n<p>Hier erwarten Sie ein Flatscreen-TV, ein Safe mit Steckdose und eine luxuri\u00f6se Badewanne. Kostenfreies WLAN, Home-Made Water und eine Kaffeemaschine sorgen f\u00fcr perfekte Entspannung.<\/p>\n<p>Bitte beachten Sie, dass die Doppelbetten aus zwei verbundenen Einzelbetten bestehen.<\/p>\n<p><span>Entdecken Sie die aktuellen <strong><a href=%22#bewertungen%22 title=%22G\u00e4ste bewerten das Leipziger Hotel%22>Bewertungen<\/a><\/strong> f\u00fcr das Radisson Blu Hotel Leipzig. Haben Sie Fragen zu unseren Junior Suiten? Besuchen Sie unseren <strong><a href=%22#faq%22 title=%22Antworten auf Ihre Fragen%22>FAQ-Bereich<\/a><\/strong> f\u00fcr weitere Infos.<\/span><\/p>\n<p>&#8221; content_phone=&#8221;<\/p>\n<p>Entspannen Sie in unseren Junior Suiten im Radisson Leipzig, ausgestattet mit modernen Annehmlichkeiten f\u00fcr h\u00f6chsten Komfort. Das ger\u00e4umige Zimmer mit 40m\u00b2 bietet zudem einen separaten Arbeitsbereich, ein Sofa und eine kostenlose Minibar.<\/p>\n<p><span>Entdecken Sie die aktuellen <strong><a href=%22#bewertungen%22 title=%22G\u00e4ste bewerten das Leipziger Hotel%22>Bewertungen<\/a><\/strong> f\u00fcr das Radisson Blu Hotel Leipzig. Haben Sie Fragen zu unseren Junior Suiten? Besuchen Sie unseren <strong><a href=%22#faq%22 title=%22Antworten auf Ihre Fragen%22>FAQ-Bereich<\/a><\/strong> f\u00fcr weitere Infos.<\/span><\/p>\n<p>&#8221; content_last_edited=&#8221;off|desktop&#8221; _builder_version=&#8221;4.27.4&#8243; _module_preset=&#8221;default&#8221; text_font=&#8221;|300|||||||&#8221; text_text_color=&#8221;#000000&#8243; header_font=&#8221;|200|||||||&#8221; header_text_align=&#8221;center&#8221; header_font_size=&#8221;3vw&#8221; header_line_height=&#8221;1.1em&#8221; header_2_font=&#8221;Jost||||||||&#8221; header_2_text_align=&#8221;center&#8221; header_2_font_size=&#8221;2vw&#8221; header_2_line_height=&#8221;1.1em&#8221; text_orientation=&#8221;center&#8221; width=&#8221;80%&#8221; width_tablet=&#8221;80%&#8221; width_phone=&#8221;100%&#8221; width_last_edited=&#8221;on|phone&#8221; module_alignment=&#8221;center&#8221; custom_padding=&#8221;||||false|false&#8221; custom_padding_tablet=&#8221;50px||||false|false&#8221; custom_padding_phone=&#8221;15px|0px||0px|false|true&#8221; custom_padding_last_edited=&#8221;on|phone&#8221; locked=&#8221;off&#8221; global_colors_info=&#8221;{}&#8221;]<\/p>\n<p>The opinion of our guests is very important to us, and we take reviews and transparency very seriously \u2013 further information on this and on the authenticity of the reviews can be found on\u00a0<a href=\"https:\/\/www.eventhotels.com\/en\/handling-of-reviews\/\" target=\"_blank\" rel=\"noopener\">our website \u2192.<\/a><\/p>\n<p>[\/et_pb_text][\/et_pb_column][\/et_pb_row][\/et_pb_section][et_pb_section fb_built=&#8221;1&#8243; custom_padding_last_edited=&#8221;on|phone&#8221; disabled_on=&#8221;on|on|on&#8221; _builder_version=&#8221;4.24.2&#8243; _module_preset=&#8221;default&#8221; custom_padding=&#8221;||||false|false&#8221; custom_padding_tablet=&#8221;&#8221; custom_padding_phone=&#8221;20px||||false|false&#8221; disabled=&#8221;on&#8221; locked=&#8221;off&#8221; global_colors_info=&#8221;{}&#8221;][et_pb_row module_id=&#8221;bewertungen&#8221; _builder_version=&#8221;4.25.2&#8243; _module_preset=&#8221;_initial&#8221; global_colors_info=&#8221;{}&#8221;][et_pb_column type=&#8221;4_4&#8243; _builder_version=&#8221;4.17.6&#8243; _module_preset=&#8221;default&#8221; global_colors_info=&#8221;{}&#8221;][et_pb_text admin_label=&#8221;Top Header&#8221; _builder_version=&#8221;4.25.2&#8243; _module_preset=&#8221;default&#8221; text_font=&#8221;||||||||&#8221; text_text_color=&#8221;#000000&#8243; header_font=&#8221;|200|||||||&#8221; header_text_align=&#8221;center&#8221; header_2_font=&#8221;||||||||&#8221; header_2_text_align=&#8221;center&#8221; text_orientation=&#8221;center&#8221; width=&#8221;80%&#8221; width_tablet=&#8221;60%&#8221; width_phone=&#8221;90%&#8221; width_last_edited=&#8221;on|phone&#8221; module_alignment=&#8221;center&#8221; custom_margin=&#8221;||10px||false|false&#8221; custom_padding=&#8221;50px||||false|false&#8221; custom_padding_tablet=&#8221;50px||||false|false&#8221; custom_padding_phone=&#8221;0px|10px||10px|false|true&#8221; custom_padding_last_edited=&#8221;on|phone&#8221; custom_css_main_element=&#8221;z-index: 9999999999!important;&#8221; locked=&#8221;off&#8221; global_colors_info=&#8221;{}&#8221;]<\/p>\n<h2>This is what our guests say<\/h2>\n<p>[\/et_pb_text][et_pb_text disabled_on=&#8221;on|off|off&#8221; _builder_version=&#8221;4.25.2&#8243; _module_preset=&#8221;default&#8221; text_font=&#8221;||||||||&#8221; text_text_color=&#8221;#000000&#8243; header_font=&#8221;|200|||||||&#8221; header_text_align=&#8221;center&#8221; header_2_font=&#8221;||||||||&#8221; header_2_text_align=&#8221;center&#8221; text_orientation=&#8221;center&#8221; width=&#8221;80%&#8221; module_alignment=&#8221;center&#8221; text_font_size_tablet=&#8221;3vw&#8221; text_font_size_phone=&#8221;4vw&#8221; text_font_size_last_edited=&#8221;off|desktop&#8221; locked=&#8221;off&#8221; global_colors_info=&#8221;{}&#8221;]<\/p>\n<h3>Overview of guest reviews<\/h3>\n<p>[\/et_pb_text][\/et_pb_column][\/et_pb_row][\/et_pb_section][et_pb_section fb_built=&#8221;1&#8243; disabled_on=&#8221;on|on|on&#8221; admin_label=&#8221;Rezensionen (WP Review Slider)&#8221; _builder_version=&#8221;4.25.2&#8243; _module_preset=&#8221;default&#8221; use_background_color_gradient=&#8221;on&#8221; background_color_gradient_direction=&#8221;90deg&#8221; background_color_gradient_stops=&#8221;#ffffff 40%|#f8f8f8 40%&#8221; background_last_edited=&#8221;on|phone&#8221; use_background_color_gradient_tablet=&#8221;on&#8221; use_background_color_gradient_phone=&#8221;on&#8221; background_color_gradient_stops_tablet=&#8221;#f8f8f8 100%|#ffffff 100%&#8221; background_color_gradient_stops_phone=&#8221;#f8f8f8 100%|#ffffff 100%&#8221; disabled=&#8221;on&#8221; locked=&#8221;off&#8221; global_colors_info=&#8221;{}&#8221;][et_pb_row disabled_on=&#8221;off|off|off&#8221; _builder_version=&#8221;4.24.0&#8243; _module_preset=&#8221;_initial&#8221; width=&#8221;90%&#8221; width_last_edited=&#8221;off|desktop&#8221; max_width=&#8221;80%&#8221; locked=&#8221;off&#8221; global_colors_info=&#8221;{}&#8221;][et_pb_column type=&#8221;4_4&#8243; _builder_version=&#8221;4.21.0&#8243; _module_preset=&#8221;default&#8221; global_colors_info=&#8221;{}&#8221;][et_pb_text _builder_version=&#8221;4.26.0&#8243; _module_preset=&#8221;default&#8221; global_colors_info=&#8221;{}&#8221;]<\/p>\n<p>[wprevpro_usetemplate tid=&#8221;7&#8243;]<\/p>\n<p>[\/et_pb_text][et_pb_button button_url=&#8221;\/en\/reviews\/&#8221; button_text=&#8221;All reviews&#8221; button_alignment=&#8221;center&#8221; disabled_on=&#8221;off|off|off&#8221; _builder_version=&#8221;4.25.2&#8243; _module_preset=&#8221;default&#8221; custom_margin=&#8221;72px||&#8221; custom_padding=&#8221;||&#8221; locked=&#8221;off&#8221; global_colors_info=&#8221;{}&#8221; button_bg_color__hover_enabled=&#8221;off|desktop&#8221; button_bg_color__hover=&#8221;#ffffff&#8221;][\/et_pb_button][\/et_pb_column][\/et_pb_row][\/et_pb_section][et_pb_section fb_built=&#8221;1&#8243; disabled_on=&#8221;on|on|on&#8221; _builder_version=&#8221;4.16&#8243; transparent_background=&#8221;off&#8221; disabled=&#8221;on&#8221; global_colors_info=&#8221;{}&#8221;][et_pb_row module_id=&#8221;recent_reviews&#8221; _builder_version=&#8221;4.18.0&#8243; _module_preset=&#8221;default&#8221; global_colors_info=&#8221;{}&#8221;][et_pb_column type=&#8221;4_4&#8243; _builder_version=&#8221;4.18.0&#8243; _module_preset=&#8221;default&#8221; global_colors_info=&#8221;{}&#8221;][\/et_pb_column][\/et_pb_row][\/et_pb_section]<\/p>\n","protected":false},"excerpt":{"rendered":"<p><div class=\"et_pb_module dsm_breadcrumbs dsm_breadcrumbs_0\">\n\t\t\t\t\n\t\t\t\t\n\t\t\t\t\n\t\t\t\t\n\t\t\t\t\n\t\t\t\t\n\t\t\t\t<div class=\"et_pb_module_inner\">\n\t\t\t\t\t<nav class=\"dsm_breadcrumbs_wrap\">\n\t\t\t\t<ul class=\"dsm_breadcrumbs\" itemscope itemtype=\"https:\/\/schema.org\/BreadcrumbList\">\t\t\t<li class=\"dsm_breadcrumbs_item dsm_home_item dsm_home_item_custom\" itemprop=\"itemListElement\" itemscope\n\t\t\titemtype=\"https:\/\/schema.org\/ListItem\">\n\t\t\t\t<a href=\"https:\/\/radissonleipzig.eventhotels.biz\/en\/\" itemprop=\"item\" target=\"\">\n\t\t\t\t\t<span class='dsm_home_text_wrapper'>\n\t\t\t\t\t\t\t\t\t\t\t\t\t<span class=\"et-pb-icon dsm_home_icon\">&#xe0e3;<\/span>\n\t\t\t\t\t\t\t\t\t\t\t\t\t<span class=\"dsm_home_text\" itemprop=\"name\">\n\t\t\t\t\t\t\t\tHome\t\t\t\t\t\t\t<\/span>\n\t\t\t\t\t<\/span>\n\t\t\t\t<\/a>\n\t\t\t\t<meta itemprop=\"position\" content=\"1\" \/>\n\t\t\t<\/li>\n\n\t\t<li class=\"dsm_breadcrumbs_separator\"> <span class=\"et-pb-icon dsm_separator_icon\">5<\/span><\/li><\/ul>\n\t\t\t<\/nav>\n\t\t\t\t<\/div>\n\t\t\t<\/div>Review \u2013 Radisson Blu Hotel LeipzigFind out how Radisson Blu Hotel Leipzig is ratedThe Radisson Blu Leipzig receives positive ratings on many renowned review platforms. The following overview presents a semantic analysis based on data from various platforms over the past 24 months: &nbsp;The opinion of our guests is very important to us, and we take reviews and transparency very seriously \u2013 further information on this and on the authenticity of the reviews can be found on\u00a0our website \u2192.This is what our guests sayOverview of guest reviews[wprevpro_usetemplate tid=&#8221;7&#8243;]<\/p>\n","protected":false},"author":2,"featured_media":373413,"parent":0,"menu_order":0,"comment_status":"closed","ping_status":"closed","template":"","meta":{"_et_pb_use_builder":"on","_et_pb_old_content":"","_et_gb_content_width":"","footnotes":""},"difl_page_category":[],"class_list":["post-26106","page","type-page","status-publish","has-post-thumbnail","hentry"],"_links":{"self":[{"href":"https:\/\/radissonleipzig.eventhotels.biz\/en\/wp-json\/wp\/v2\/pages\/26106","targetHints":{"allow":["GET"]}}],"collection":[{"href":"https:\/\/radissonleipzig.eventhotels.biz\/en\/wp-json\/wp\/v2\/pages"}],"about":[{"href":"https:\/\/radissonleipzig.eventhotels.biz\/en\/wp-json\/wp\/v2\/types\/page"}],"author":[{"embeddable":true,"href":"https:\/\/radissonleipzig.eventhotels.biz\/en\/wp-json\/wp\/v2\/users\/2"}],"replies":[{"embeddable":true,"href":"https:\/\/radissonleipzig.eventhotels.biz\/en\/wp-json\/wp\/v2\/comments?post=26106"}],"version-history":[{"count":4,"href":"https:\/\/radissonleipzig.eventhotels.biz\/en\/wp-json\/wp\/v2\/pages\/26106\/revisions"}],"predecessor-version":[{"id":376188,"href":"https:\/\/radissonleipzig.eventhotels.biz\/en\/wp-json\/wp\/v2\/pages\/26106\/revisions\/376188"}],"wp:featuredmedia":[{"embeddable":true,"href":"https:\/\/radissonleipzig.eventhotels.biz\/en\/wp-json\/wp\/v2\/media\/373413"}],"wp:attachment":[{"href":"https:\/\/radissonleipzig.eventhotels.biz\/en\/wp-json\/wp\/v2\/media?parent=26106"}],"wp:term":[{"taxonomy":"difl_page_category","embeddable":true,"href":"https:\/\/radissonleipzig.eventhotels.biz\/en\/wp-json\/wp\/v2\/difl_page_category?post=26106"}],"curies":[{"name":"wp","href":"https:\/\/api.w.org\/{rel}","templated":true}]}}